{"id":2169,"date":"2024-01-04T14:33:50","date_gmt":"2024-01-04T17:33:50","guid":{"rendered":"https:\/\/www.wowlife.com.br\/portal\/?page_id=2169"},"modified":"2025-12-09T10:12:18","modified_gmt":"2025-12-09T13:12:18","slug":"blog","status":"publish","type":"page","link":"https:\/\/www.wowlife.com.br\/portal\/blog\/","title":{"rendered":"Blog"},"content":{"rendered":"\t\t<div data-elementor-type=\"wp-page\" data-elementor-id=\"2169\" class=\"elementor elementor-2169\" data-elementor-post-type=\"page\">\n\t\t\t\t\t\t<section class=\"elementor-section elementor-top-section elementor-element elementor-element-3247b16 elementor-section-boxed elementor-section-height-default elementor-section-height-default\" data-id=\"3247b16\" data-element_type=\"section\" data-e-type=\"section\">\n\t\t\t\t\t\t<div class=\"elementor-container elementor-column-gap-default\">\n\t\t\t\t\t<div class=\"elementor-column elementor-col-100 elementor-top-column elementor-element elementor-element-94c87c7\" data-id=\"94c87c7\" data-element_type=\"column\" data-e-type=\"column\">\n\t\t\t<div class=\"elementor-widget-wrap elementor-element-populated\">\n\t\t\t\t\t\t<div class=\"elementor-element elementor-element-812edfc elementor-widget elementor-widget-image\" data-id=\"812edfc\" data-element_type=\"widget\" data-e-type=\"widget\" data-widget_type=\"image.default\">\n\t\t\t\t<div class=\"elementor-widget-container\">\n\t\t\t\t\t\t\t\t\t\t\t\t\t\t\t<img fetchpriority=\"high\" decoding=\"async\" width=\"1080\" height=\"287\" src=\"https:\/\/www.wowlife.com.br\/portal\/wp-content\/uploads\/2024\/01\/WOW-BLOG-LOGO.png\" class=\"attachment-full size-full wp-image-2212\" alt=\"\" srcset=\"https:\/\/www.wowlife.com.br\/portal\/wp-content\/uploads\/2024\/01\/WOW-BLOG-LOGO.png 1080w, https:\/\/www.wowlife.com.br\/portal\/wp-content\/uploads\/2024\/01\/WOW-BLOG-LOGO-300x80.png 300w, https:\/\/www.wowlife.com.br\/portal\/wp-content\/uploads\/2024\/01\/WOW-BLOG-LOGO-1024x272.png 1024w, https:\/\/www.wowlife.com.br\/portal\/wp-content\/uploads\/2024\/01\/WOW-BLOG-LOGO-768x204.png 768w\" sizes=\"(max-width: 1080px) 100vw, 1080px\" \/>\t\t\t\t\t\t\t\t\t\t\t\t\t\t\t<\/div>\n\t\t\t\t<\/div>\n\t\t\t\t<div class=\"elementor-element elementor-element-014fcf8 elementor-widget elementor-widget-text-editor\" data-id=\"014fcf8\" data-element_type=\"widget\" data-e-type=\"widget\" data-widget_type=\"text-editor.default\">\n\t\t\t\t<div class=\"elementor-widget-container\">\n\t\t\t\t\t\t\t\t\t<p>Confira todos os conte\u00fados que preparamos para voc\u00ea!<\/p>\t\t\t\t\t\t\t\t<\/div>\n\t\t\t\t<\/div>\n\t\t\t\t\t<\/div>\n\t\t<\/div>\n\t\t\t\t\t<\/div>\n\t\t<\/section>\n\t\t\t\t<section class=\"elementor-section elementor-top-section elementor-element elementor-element-fe682a3 elementor-section-boxed elementor-section-height-default elementor-section-height-default\" data-id=\"fe682a3\" data-element_type=\"section\" data-e-type=\"section\">\n\t\t\t\t\t\t<div class=\"elementor-container elementor-column-gap-default\">\n\t\t\t\t\t<div class=\"elementor-column elementor-col-100 elementor-top-column elementor-element elementor-element-c3adcda\" data-id=\"c3adcda\" data-element_type=\"column\" data-e-type=\"column\">\n\t\t\t<div class=\"elementor-widget-wrap elementor-element-populated\">\n\t\t\t\t\t\t<div class=\"elementor-element elementor-element-8f2ae76 elementor-posts--align-center elementor-grid-3 elementor-grid-tablet-2 elementor-grid-mobile-1 elementor-posts--thumbnail-top elementor-widget elementor-widget-posts\" data-id=\"8f2ae76\" data-element_type=\"widget\" data-e-type=\"widget\" data-settings=\"{&quot;classic_row_gap&quot;:{&quot;unit&quot;:&quot;px&quot;,&quot;size&quot;:50,&quot;sizes&quot;:[]},&quot;pagination_type&quot;:&quot;load_more_infinite_scroll&quot;,&quot;classic_columns&quot;:&quot;3&quot;,&quot;classic_columns_tablet&quot;:&quot;2&quot;,&quot;classic_columns_mobile&quot;:&quot;1&quot;,&quot;classic_row_gap_tablet&quot;:{&quot;unit&quot;:&quot;px&quot;,&quot;size&quot;:&quot;&quot;,&quot;sizes&quot;:[]},&quot;classic_row_gap_mobile&quot;:{&quot;unit&quot;:&quot;px&quot;,&quot;size&quot;:&quot;&quot;,&quot;sizes&quot;:[]},&quot;load_more_spinner&quot;:{&quot;value&quot;:&quot;fas fa-spinner&quot;,&quot;library&quot;:&quot;fa-solid&quot;}}\" data-widget_type=\"posts.classic\">\n\t\t\t\t<div class=\"elementor-widget-container\">\n\t\t\t\t\t\t\t<div class=\"elementor-posts-container elementor-posts elementor-posts--skin-classic elementor-grid\" role=\"list\">\n\t\t\t\t<article class=\"elementor-post elementor-grid-item post-3318 post type-post status-publish format-standard has-post-thumbnail hentry category-uncategorized\" role=\"listitem\">\n\t\t\t\t<a class=\"elementor-post__thumbnail__link\" href=\"https:\/\/www.wowlife.com.br\/portal\/homeofficewow\/\" tabindex=\"-1\" >\n\t\t\t<div class=\"elementor-post__thumbnail\"><img decoding=\"async\" width=\"1080\" height=\"1080\" src=\"https:\/\/www.wowlife.com.br\/portal\/wp-content\/uploads\/2025\/07\/BLOG-10-dicas-home-office.png\" class=\"attachment-full size-full wp-image-3319\" alt=\"\" srcset=\"https:\/\/www.wowlife.com.br\/portal\/wp-content\/uploads\/2025\/07\/BLOG-10-dicas-home-office.png 1080w, https:\/\/www.wowlife.com.br\/portal\/wp-content\/uploads\/2025\/07\/BLOG-10-dicas-home-office-300x300.png 300w, https:\/\/www.wowlife.com.br\/portal\/wp-content\/uploads\/2025\/07\/BLOG-10-dicas-home-office-1024x1024.png 1024w, https:\/\/www.wowlife.com.br\/portal\/wp-content\/uploads\/2025\/07\/BLOG-10-dicas-home-office-150x150.png 150w, https:\/\/www.wowlife.com.br\/portal\/wp-content\/uploads\/2025\/07\/BLOG-10-dicas-home-office-768x768.png 768w\" sizes=\"(max-width: 1080px) 100vw, 1080px\" \/><\/div>\n\t\t<\/a>\n\t\t\t\t<div class=\"elementor-post__text\">\n\t\t\t\t<h3 class=\"elementor-post__title\">\n\t\t\t<a href=\"https:\/\/www.wowlife.com.br\/portal\/homeofficewow\/\" >\n\t\t\t\tHome Office do jeitinho Wow: mais Conforto, menos Estresse\t\t\t<\/a>\n\t\t<\/h3>\n\t\t\t\t<\/div>\n\t\t\t\t<\/article>\n\t\t\t\t<article class=\"elementor-post elementor-grid-item post-3312 post type-post status-publish format-standard has-post-thumbnail hentry category-uncategorized\" role=\"listitem\">\n\t\t\t\t<a class=\"elementor-post__thumbnail__link\" href=\"https:\/\/www.wowlife.com.br\/portal\/nr1-seguranca-psicologica-e-a-nova-nr1\/\" tabindex=\"-1\" >\n\t\t\t<div class=\"elementor-post__thumbnail\"><img decoding=\"async\" width=\"1080\" height=\"1080\" src=\"https:\/\/www.wowlife.com.br\/portal\/wp-content\/uploads\/2025\/06\/BLOG-NR1-Seguranca-Psicologica-e-a-Nova-NR1.png\" class=\"attachment-full size-full wp-image-3313\" alt=\"\" srcset=\"https:\/\/www.wowlife.com.br\/portal\/wp-content\/uploads\/2025\/06\/BLOG-NR1-Seguranca-Psicologica-e-a-Nova-NR1.png 1080w, https:\/\/www.wowlife.com.br\/portal\/wp-content\/uploads\/2025\/06\/BLOG-NR1-Seguranca-Psicologica-e-a-Nova-NR1-300x300.png 300w, https:\/\/www.wowlife.com.br\/portal\/wp-content\/uploads\/2025\/06\/BLOG-NR1-Seguranca-Psicologica-e-a-Nova-NR1-1024x1024.png 1024w, https:\/\/www.wowlife.com.br\/portal\/wp-content\/uploads\/2025\/06\/BLOG-NR1-Seguranca-Psicologica-e-a-Nova-NR1-150x150.png 150w, https:\/\/www.wowlife.com.br\/portal\/wp-content\/uploads\/2025\/06\/BLOG-NR1-Seguranca-Psicologica-e-a-Nova-NR1-768x768.png 768w\" sizes=\"(max-width: 1080px) 100vw, 1080px\" \/><\/div>\n\t\t<\/a>\n\t\t\t\t<div class=\"elementor-post__text\">\n\t\t\t\t<h3 class=\"elementor-post__title\">\n\t\t\t<a href=\"https:\/\/www.wowlife.com.br\/portal\/nr1-seguranca-psicologica-e-a-nova-nr1\/\" >\n\t\t\t\tNR1 &#8211; Seguran\u00e7a Psicol\u00f3gica e a Nova NR1\t\t\t<\/a>\n\t\t<\/h3>\n\t\t\t\t<\/div>\n\t\t\t\t<\/article>\n\t\t\t\t<article class=\"elementor-post elementor-grid-item post-3309 post type-post status-publish format-standard has-post-thumbnail hentry category-uncategorized\" role=\"listitem\">\n\t\t\t\t<a class=\"elementor-post__thumbnail__link\" href=\"https:\/\/www.wowlife.com.br\/portal\/nr1-fatores-psicossociais-e-nr1\/\" tabindex=\"-1\" >\n\t\t\t<div class=\"elementor-post__thumbnail\"><img loading=\"lazy\" decoding=\"async\" width=\"1080\" height=\"1080\" src=\"https:\/\/www.wowlife.com.br\/portal\/wp-content\/uploads\/2025\/06\/BLOG-NR1-Fatores-Psicossociais-e-NR1.png\" class=\"attachment-full size-full wp-image-3310\" alt=\"\" srcset=\"https:\/\/www.wowlife.com.br\/portal\/wp-content\/uploads\/2025\/06\/BLOG-NR1-Fatores-Psicossociais-e-NR1.png 1080w, https:\/\/www.wowlife.com.br\/portal\/wp-content\/uploads\/2025\/06\/BLOG-NR1-Fatores-Psicossociais-e-NR1-300x300.png 300w, https:\/\/www.wowlife.com.br\/portal\/wp-content\/uploads\/2025\/06\/BLOG-NR1-Fatores-Psicossociais-e-NR1-1024x1024.png 1024w, https:\/\/www.wowlife.com.br\/portal\/wp-content\/uploads\/2025\/06\/BLOG-NR1-Fatores-Psicossociais-e-NR1-150x150.png 150w, https:\/\/www.wowlife.com.br\/portal\/wp-content\/uploads\/2025\/06\/BLOG-NR1-Fatores-Psicossociais-e-NR1-768x768.png 768w\" sizes=\"(max-width: 1080px) 100vw, 1080px\" \/><\/div>\n\t\t<\/a>\n\t\t\t\t<div class=\"elementor-post__text\">\n\t\t\t\t<h3 class=\"elementor-post__title\">\n\t\t\t<a href=\"https:\/\/www.wowlife.com.br\/portal\/nr1-fatores-psicossociais-e-nr1\/\" >\n\t\t\t\tNR1 &#8211; Fatores Psicossociais e NR1\t\t\t<\/a>\n\t\t<\/h3>\n\t\t\t\t<\/div>\n\t\t\t\t<\/article>\n\t\t\t\t<article class=\"elementor-post elementor-grid-item post-3302 post type-post status-publish format-standard has-post-thumbnail hentry category-uncategorized\" role=\"listitem\">\n\t\t\t\t<a class=\"elementor-post__thumbnail__link\" href=\"https:\/\/www.wowlife.com.br\/portal\/nr1-comunicacao-e-riscos-ocupacionais\/\" tabindex=\"-1\" >\n\t\t\t<div class=\"elementor-post__thumbnail\"><img loading=\"lazy\" decoding=\"async\" width=\"1080\" height=\"1080\" src=\"https:\/\/www.wowlife.com.br\/portal\/wp-content\/uploads\/2025\/06\/BLOG-NR1-Comunicacao-e-Riscos-Ocupacionais.png\" class=\"attachment-full size-full wp-image-3303\" alt=\"\" srcset=\"https:\/\/www.wowlife.com.br\/portal\/wp-content\/uploads\/2025\/06\/BLOG-NR1-Comunicacao-e-Riscos-Ocupacionais.png 1080w, https:\/\/www.wowlife.com.br\/portal\/wp-content\/uploads\/2025\/06\/BLOG-NR1-Comunicacao-e-Riscos-Ocupacionais-300x300.png 300w, https:\/\/www.wowlife.com.br\/portal\/wp-content\/uploads\/2025\/06\/BLOG-NR1-Comunicacao-e-Riscos-Ocupacionais-1024x1024.png 1024w, https:\/\/www.wowlife.com.br\/portal\/wp-content\/uploads\/2025\/06\/BLOG-NR1-Comunicacao-e-Riscos-Ocupacionais-150x150.png 150w, https:\/\/www.wowlife.com.br\/portal\/wp-content\/uploads\/2025\/06\/BLOG-NR1-Comunicacao-e-Riscos-Ocupacionais-768x768.png 768w\" sizes=\"(max-width: 1080px) 100vw, 1080px\" \/><\/div>\n\t\t<\/a>\n\t\t\t\t<div class=\"elementor-post__text\">\n\t\t\t\t<h3 class=\"elementor-post__title\">\n\t\t\t<a href=\"https:\/\/www.wowlife.com.br\/portal\/nr1-comunicacao-e-riscos-ocupacionais\/\" >\n\t\t\t\tNR1 &#8211; Comunica\u00e7\u00e3o e Riscos Ocupacionais\t\t\t<\/a>\n\t\t<\/h3>\n\t\t\t\t<\/div>\n\t\t\t\t<\/article>\n\t\t\t\t<article class=\"elementor-post elementor-grid-item post-3278 post type-post status-publish format-standard has-post-thumbnail hentry category-uncategorized\" role=\"listitem\">\n\t\t\t\t<a class=\"elementor-post__thumbnail__link\" href=\"https:\/\/www.wowlife.com.br\/portal\/lifelonglearning\/\" tabindex=\"-1\" >\n\t\t\t<div class=\"elementor-post__thumbnail\"><img loading=\"lazy\" decoding=\"async\" width=\"1080\" height=\"1080\" src=\"https:\/\/www.wowlife.com.br\/portal\/wp-content\/uploads\/2025\/05\/BLOG-Lifelong-Learning-b.png\" class=\"attachment-full size-full wp-image-3283\" alt=\"\" srcset=\"https:\/\/www.wowlife.com.br\/portal\/wp-content\/uploads\/2025\/05\/BLOG-Lifelong-Learning-b.png 1080w, https:\/\/www.wowlife.com.br\/portal\/wp-content\/uploads\/2025\/05\/BLOG-Lifelong-Learning-b-300x300.png 300w, https:\/\/www.wowlife.com.br\/portal\/wp-content\/uploads\/2025\/05\/BLOG-Lifelong-Learning-b-1024x1024.png 1024w, https:\/\/www.wowlife.com.br\/portal\/wp-content\/uploads\/2025\/05\/BLOG-Lifelong-Learning-b-150x150.png 150w, https:\/\/www.wowlife.com.br\/portal\/wp-content\/uploads\/2025\/05\/BLOG-Lifelong-Learning-b-768x768.png 768w\" sizes=\"(max-width: 1080px) 100vw, 1080px\" \/><\/div>\n\t\t<\/a>\n\t\t\t\t<div class=\"elementor-post__text\">\n\t\t\t\t<h3 class=\"elementor-post__title\">\n\t\t\t<a href=\"https:\/\/www.wowlife.com.br\/portal\/lifelonglearning\/\" >\n\t\t\t\tLifelong Learning nas Empresas: Por que o Aprendizado Cont\u00ednuo \u00e9 uma Estrat\u00e9gia de Sucesso\t\t\t<\/a>\n\t\t<\/h3>\n\t\t\t\t<\/div>\n\t\t\t\t<\/article>\n\t\t\t\t<article class=\"elementor-post elementor-grid-item post-2944 post type-post status-publish format-standard has-post-thumbnail hentry category-uncategorized\" role=\"listitem\">\n\t\t\t\t<a class=\"elementor-post__thumbnail__link\" href=\"https:\/\/www.wowlife.com.br\/portal\/pet-day-no-escritorio\/\" tabindex=\"-1\" >\n\t\t\t<div class=\"elementor-post__thumbnail\"><img loading=\"lazy\" decoding=\"async\" width=\"1080\" height=\"1080\" src=\"https:\/\/www.wowlife.com.br\/portal\/wp-content\/uploads\/2025\/02\/BLOG-Pet-Day-B.png\" class=\"attachment-full size-full wp-image-2945\" alt=\"\" srcset=\"https:\/\/www.wowlife.com.br\/portal\/wp-content\/uploads\/2025\/02\/BLOG-Pet-Day-B.png 1080w, https:\/\/www.wowlife.com.br\/portal\/wp-content\/uploads\/2025\/02\/BLOG-Pet-Day-B-300x300.png 300w, https:\/\/www.wowlife.com.br\/portal\/wp-content\/uploads\/2025\/02\/BLOG-Pet-Day-B-1024x1024.png 1024w, https:\/\/www.wowlife.com.br\/portal\/wp-content\/uploads\/2025\/02\/BLOG-Pet-Day-B-150x150.png 150w, https:\/\/www.wowlife.com.br\/portal\/wp-content\/uploads\/2025\/02\/BLOG-Pet-Day-B-768x768.png 768w\" sizes=\"(max-width: 1080px) 100vw, 1080px\" \/><\/div>\n\t\t<\/a>\n\t\t\t\t<div class=\"elementor-post__text\">\n\t\t\t\t<h3 class=\"elementor-post__title\">\n\t\t\t<a href=\"https:\/\/www.wowlife.com.br\/portal\/pet-day-no-escritorio\/\" >\n\t\t\t\tPet Day no Escrit\u00f3rio: por que fazer e como isso pode transformar o ambiente de trabalho\t\t\t<\/a>\n\t\t<\/h3>\n\t\t\t\t<\/div>\n\t\t\t\t<\/article>\n\t\t\t\t<article class=\"elementor-post elementor-grid-item post-2938 post type-post status-publish format-standard has-post-thumbnail hentry category-uncategorized\" role=\"listitem\">\n\t\t\t\t<a class=\"elementor-post__thumbnail__link\" href=\"https:\/\/www.wowlife.com.br\/portal\/silentquitting\/\" tabindex=\"-1\" >\n\t\t\t<div class=\"elementor-post__thumbnail\"><img loading=\"lazy\" decoding=\"async\" width=\"1080\" height=\"1080\" src=\"https:\/\/www.wowlife.com.br\/portal\/wp-content\/uploads\/2025\/01\/BLOG-Silent-Quitting-thumb.webp\" class=\"attachment-full size-full wp-image-3028\" alt=\"\" srcset=\"https:\/\/www.wowlife.com.br\/portal\/wp-content\/uploads\/2025\/01\/BLOG-Silent-Quitting-thumb.webp 1080w, https:\/\/www.wowlife.com.br\/portal\/wp-content\/uploads\/2025\/01\/BLOG-Silent-Quitting-thumb-300x300.webp 300w, https:\/\/www.wowlife.com.br\/portal\/wp-content\/uploads\/2025\/01\/BLOG-Silent-Quitting-thumb-1024x1024.webp 1024w, https:\/\/www.wowlife.com.br\/portal\/wp-content\/uploads\/2025\/01\/BLOG-Silent-Quitting-thumb-150x150.webp 150w, https:\/\/www.wowlife.com.br\/portal\/wp-content\/uploads\/2025\/01\/BLOG-Silent-Quitting-thumb-768x768.webp 768w\" sizes=\"(max-width: 1080px) 100vw, 1080px\" \/><\/div>\n\t\t<\/a>\n\t\t\t\t<div class=\"elementor-post__text\">\n\t\t\t\t<h3 class=\"elementor-post__title\">\n\t\t\t<a href=\"https:\/\/www.wowlife.com.br\/portal\/silentquitting\/\" >\n\t\t\t\tSilent Quitting: Voc\u00ea sabe como proteger sua empresa?\t\t\t<\/a>\n\t\t<\/h3>\n\t\t\t\t<\/div>\n\t\t\t\t<\/article>\n\t\t\t\t<article class=\"elementor-post elementor-grid-item post-2703 post type-post status-publish format-standard has-post-thumbnail hentry category-uncategorized tag-blog\" role=\"listitem\">\n\t\t\t\t<a class=\"elementor-post__thumbnail__link\" href=\"https:\/\/www.wowlife.com.br\/portal\/cuidando-da-saude-profissional-e-financeira-estrategias-para-colaboradores-e-empresas\/\" tabindex=\"-1\" >\n\t\t\t<div class=\"elementor-post__thumbnail\"><img loading=\"lazy\" decoding=\"async\" width=\"1080\" height=\"1080\" src=\"https:\/\/www.wowlife.com.br\/portal\/wp-content\/uploads\/2024\/01\/BLOG-4.png\" class=\"attachment-full size-full wp-image-2704\" alt=\"\" srcset=\"https:\/\/www.wowlife.com.br\/portal\/wp-content\/uploads\/2024\/01\/BLOG-4.png 1080w, https:\/\/www.wowlife.com.br\/portal\/wp-content\/uploads\/2024\/01\/BLOG-4-300x300.png 300w, https:\/\/www.wowlife.com.br\/portal\/wp-content\/uploads\/2024\/01\/BLOG-4-1024x1024.png 1024w, https:\/\/www.wowlife.com.br\/portal\/wp-content\/uploads\/2024\/01\/BLOG-4-150x150.png 150w, https:\/\/www.wowlife.com.br\/portal\/wp-content\/uploads\/2024\/01\/BLOG-4-768x768.png 768w\" sizes=\"(max-width: 1080px) 100vw, 1080px\" \/><\/div>\n\t\t<\/a>\n\t\t\t\t<div class=\"elementor-post__text\">\n\t\t\t\t<h3 class=\"elementor-post__title\">\n\t\t\t<a href=\"https:\/\/www.wowlife.com.br\/portal\/cuidando-da-saude-profissional-e-financeira-estrategias-para-colaboradores-e-empresas\/\" >\n\t\t\t\tCuidando da Sa\u00fade Profissional e Financeira: Estrat\u00e9gias para Colaboradores e Empresas\t\t\t<\/a>\n\t\t<\/h3>\n\t\t\t\t<\/div>\n\t\t\t\t<\/article>\n\t\t\t\t<article class=\"elementor-post elementor-grid-item post-213 post type-post status-publish format-standard has-post-thumbnail hentry category-uncategorized tag-blog\" role=\"listitem\">\n\t\t\t\t<a class=\"elementor-post__thumbnail__link\" href=\"https:\/\/www.wowlife.com.br\/portal\/lorem-ipsum-3\/\" tabindex=\"-1\" >\n\t\t\t<div class=\"elementor-post__thumbnail\"><img loading=\"lazy\" decoding=\"async\" width=\"1080\" height=\"1080\" src=\"https:\/\/www.wowlife.com.br\/portal\/wp-content\/uploads\/2019\/04\/BLOG-1-B.png\" class=\"attachment-full size-full wp-image-2348\" alt=\"\" srcset=\"https:\/\/www.wowlife.com.br\/portal\/wp-content\/uploads\/2019\/04\/BLOG-1-B.png 1080w, https:\/\/www.wowlife.com.br\/portal\/wp-content\/uploads\/2019\/04\/BLOG-1-B-300x300.png 300w, https:\/\/www.wowlife.com.br\/portal\/wp-content\/uploads\/2019\/04\/BLOG-1-B-1024x1024.png 1024w, https:\/\/www.wowlife.com.br\/portal\/wp-content\/uploads\/2019\/04\/BLOG-1-B-150x150.png 150w, https:\/\/www.wowlife.com.br\/portal\/wp-content\/uploads\/2019\/04\/BLOG-1-B-768x768.png 768w\" sizes=\"(max-width: 1080px) 100vw, 1080px\" \/><\/div>\n\t\t<\/a>\n\t\t\t\t<div class=\"elementor-post__text\">\n\t\t\t\t<h3 class=\"elementor-post__title\">\n\t\t\t<a href=\"https:\/\/www.wowlife.com.br\/portal\/lorem-ipsum-3\/\" >\n\t\t\t\tVeja como a S\u00edndrome de Burnout afeta seu time\t\t\t<\/a>\n\t\t<\/h3>\n\t\t\t\t<\/div>\n\t\t\t\t<\/article>\n\t\t\t\t<\/div>\n\t\t\t\t\t<span class=\"e-load-more-spinner\">\n\t\t\t\t<svg aria-hidden=\"true\" class=\"e-font-icon-svg e-fas-spinner\" viewBox=\"0 0 512 512\" xmlns=\"http:\/\/www.w3.org\/2000\/svg\"><path d=\"M304 48c0 26.51-21.49 48-48 48s-48-21.49-48-48 21.49-48 48-48 48 21.49 48 48zm-48 368c-26.51 0-48 21.49-48 48s21.49 48 48 48 48-21.49 48-48-21.49-48-48-48zm208-208c-26.51 0-48 21.49-48 48s21.49 48 48 48 48-21.49 48-48-21.49-48-48-48zM96 256c0-26.51-21.49-48-48-48S0 229.49 0 256s21.49 48 48 48 48-21.49 48-48zm12.922 99.078c-26.51 0-48 21.49-48 48s21.49 48 48 48 48-21.49 48-48c0-26.509-21.491-48-48-48zm294.156 0c-26.51 0-48 21.49-48 48s21.49 48 48 48 48-21.49 48-48c0-26.509-21.49-48-48-48zM108.922 60.922c-26.51 0-48 21.49-48 48s21.49 48 48 48 48-21.49 48-48-21.491-48-48-48z\"><\/path><\/svg>\t\t\t<\/span>\n\t\t\n\t\t\t\t<div class=\"e-load-more-anchor\" data-page=\"1\" data-max-page=\"2\" data-next-page=\"https:\/\/www.wowlife.com.br\/portal\/wp-json\/wp\/v2\/pages\/2169\/page\/2\/\"><\/div>\n\t\t\t\t<div class=\"e-load-more-message\">Isso \u00e9 tudo!<\/div>\n\t\t\t\t\t\t<\/div>\n\t\t\t\t<\/div>\n\t\t\t\t\t<\/div>\n\t\t<\/div>\n\t\t\t\t\t<\/div>\n\t\t<\/section>\n\t\t\t\t<section class=\"elementor-section elementor-top-section elementor-element elementor-element-08b1bf0 elementor-section-boxed elementor-section-height-default elementor-section-height-default\" data-id=\"08b1bf0\" data-element_type=\"section\" data-e-type=\"section\">\n\t\t\t\t\t\t<div class=\"elementor-container elementor-column-gap-default\">\n\t\t\t\t\t<div class=\"elementor-column elementor-col-100 elementor-top-column elementor-element elementor-element-48eabef\" data-id=\"48eabef\" data-element_type=\"column\" data-e-type=\"column\">\n\t\t\t<div class=\"elementor-widget-wrap elementor-element-populated\">\n\t\t\t\t\t\t<div class=\"elementor-element elementor-element-90643a7 elementor-widget elementor-widget-spacer\" data-id=\"90643a7\" data-element_type=\"widget\" data-e-type=\"widget\" data-widget_type=\"spacer.default\">\n\t\t\t\t<div class=\"elementor-widget-container\">\n\t\t\t\t\t\t\t<div class=\"elementor-spacer\">\n\t\t\t<div class=\"elementor-spacer-inner\"><\/div>\n\t\t<\/div>\n\t\t\t\t\t\t<\/div>\n\t\t\t\t<\/div>\n\t\t\t\t\t<\/div>\n\t\t<\/div>\n\t\t\t\t\t<\/div>\n\t\t<\/section>\n\t\t\t\t<\/div>\n\t\t","protected":false},"excerpt":{"rendered":"<p>Confira todos os conte\u00fados que preparamos para voc\u00ea!<\/p>\n","protected":false},"author":5,"featured_media":0,"parent":0,"menu_order":0,"comment_status":"closed","ping_status":"closed","template":"","meta":{"footnotes":""},"class_list":["post-2169","page","type-page","status-publish","hentry"],"_links":{"self":[{"href":"https:\/\/www.wowlife.com.br\/portal\/wp-json\/wp\/v2\/pages\/2169","targetHints":{"allow":["GET"]}}],"collection":[{"href":"https:\/\/www.wowlife.com.br\/portal\/wp-json\/wp\/v2\/pages"}],"about":[{"href":"https:\/\/www.wowlife.com.br\/portal\/wp-json\/wp\/v2\/types\/page"}],"author":[{"embeddable":true,"href":"https:\/\/www.wowlife.com.br\/portal\/wp-json\/wp\/v2\/users\/5"}],"replies":[{"embeddable":true,"href":"https:\/\/www.wowlife.com.br\/portal\/wp-json\/wp\/v2\/comments?post=2169"}],"version-history":[{"count":0,"href":"https:\/\/www.wowlife.com.br\/portal\/wp-json\/wp\/v2\/pages\/2169\/revisions"}],"wp:attachment":[{"href":"https:\/\/www.wowlife.com.br\/portal\/wp-json\/wp\/v2\/media?parent=2169"}],"curies":[{"name":"wp","href":"https:\/\/api.w.org\/{rel}","templated":true}]}}