{"id":2367,"date":"2024-01-05T16:01:07","date_gmt":"2024-01-05T19:01:07","guid":{"rendered":"https:\/\/www.wowlife.com.br\/portal\/?page_id=2367"},"modified":"2025-12-17T16:49:33","modified_gmt":"2025-12-17T19:49:33","slug":"ergo","status":"publish","type":"page","link":"https:\/\/www.wowlife.com.br\/portal\/ergo\/","title":{"rendered":"ErgoWOW"},"content":{"rendered":"\t\t<div data-elementor-type=\"wp-page\" data-elementor-id=\"2367\" class=\"elementor elementor-2367\" data-elementor-post-type=\"page\">\n\t\t\t\t\t\t<section class=\"elementor-section elementor-top-section elementor-element elementor-element-935e79a elementor-section-content-middle elementor-section-boxed elementor-section-height-default elementor-section-height-default\" data-id=\"935e79a\" data-element_type=\"section\" data-e-type=\"section\">\n\t\t\t\t\t\t<div class=\"elementor-container elementor-column-gap-default\">\n\t\t\t\t\t<div class=\"elementor-column elementor-col-50 elementor-top-column elementor-element elementor-element-3f011c3\" data-id=\"3f011c3\" data-element_type=\"column\" data-e-type=\"column\">\n\t\t\t<div class=\"elementor-widget-wrap elementor-element-populated\">\n\t\t\t\t\t\t<div class=\"elementor-element elementor-element-7fd86f5 elementor-widget elementor-widget-image\" data-id=\"7fd86f5\" data-element_type=\"widget\" data-e-type=\"widget\" data-widget_type=\"image.default\">\n\t\t\t\t<div class=\"elementor-widget-container\">\n\t\t\t\t\t\t\t\t\t\t\t\t\t\t\t<img fetchpriority=\"high\" decoding=\"async\" width=\"1080\" height=\"1350\" src=\"https:\/\/www.wowlife.com.br\/portal\/wp-content\/uploads\/2025\/03\/ERGO-1-b-copy.webp\" class=\"attachment-full size-full wp-image-3093\" alt=\"\" srcset=\"https:\/\/www.wowlife.com.br\/portal\/wp-content\/uploads\/2025\/03\/ERGO-1-b-copy.webp 1080w, https:\/\/www.wowlife.com.br\/portal\/wp-content\/uploads\/2025\/03\/ERGO-1-b-copy-240x300.webp 240w, https:\/\/www.wowlife.com.br\/portal\/wp-content\/uploads\/2025\/03\/ERGO-1-b-copy-819x1024.webp 819w, https:\/\/www.wowlife.com.br\/portal\/wp-content\/uploads\/2025\/03\/ERGO-1-b-copy-768x960.webp 768w\" sizes=\"(max-width: 1080px) 100vw, 1080px\" \/>\t\t\t\t\t\t\t\t\t\t\t\t\t\t\t<\/div>\n\t\t\t\t<\/div>\n\t\t\t\t\t<\/div>\n\t\t<\/div>\n\t\t\t\t<div class=\"elementor-column elementor-col-50 elementor-top-column elementor-element elementor-element-6d7a8e8\" data-id=\"6d7a8e8\" data-element_type=\"column\" data-e-type=\"column\">\n\t\t\t<div class=\"elementor-widget-wrap elementor-element-populated\">\n\t\t\t\t\t\t<div class=\"elementor-element elementor-element-64fff35 elementor-widget elementor-widget-image\" data-id=\"64fff35\" data-element_type=\"widget\" data-e-type=\"widget\" data-widget_type=\"image.default\">\n\t\t\t\t<div class=\"elementor-widget-container\">\n\t\t\t\t\t\t\t\t\t\t\t\t\t\t\t<img decoding=\"async\" width=\"1080\" height=\"540\" src=\"https:\/\/www.wowlife.com.br\/portal\/wp-content\/uploads\/2024\/12\/LOGO-ERGO-WOW.webp\" class=\"attachment-full size-full wp-image-2889\" alt=\"\" srcset=\"https:\/\/www.wowlife.com.br\/portal\/wp-content\/uploads\/2024\/12\/LOGO-ERGO-WOW.webp 1080w, https:\/\/www.wowlife.com.br\/portal\/wp-content\/uploads\/2024\/12\/LOGO-ERGO-WOW-300x150.webp 300w, https:\/\/www.wowlife.com.br\/portal\/wp-content\/uploads\/2024\/12\/LOGO-ERGO-WOW-1024x512.webp 1024w, https:\/\/www.wowlife.com.br\/portal\/wp-content\/uploads\/2024\/12\/LOGO-ERGO-WOW-768x384.webp 768w\" sizes=\"(max-width: 1080px) 100vw, 1080px\" \/>\t\t\t\t\t\t\t\t\t\t\t\t\t\t\t<\/div>\n\t\t\t\t<\/div>\n\t\t\t\t<div class=\"elementor-element elementor-element-ad49320 elementor-widget elementor-widget-text-editor\" data-id=\"ad49320\" data-element_type=\"widget\" data-e-type=\"widget\" data-widget_type=\"text-editor.default\">\n\t\t\t\t<div class=\"elementor-widget-container\">\n\t\t\t\t\t\t\t\t\t<p data-pm-slice=\"1 1 []\">Flexibilidade e acessibilidade de um treinamento completo agora na palma da sua m\u00e3o! Disponibilizamos aulas r\u00e1pidas e descomplicadas que voc\u00ea, colaborador possa realiz\u00e1-las a qualquer momento!<\/p>\t\t\t\t\t\t\t\t<\/div>\n\t\t\t\t<\/div>\n\t\t\t\t<div class=\"elementor-element elementor-element-91c3fe5 elementor-align-justify elementor-widget elementor-widget-button\" data-id=\"91c3fe5\" data-element_type=\"widget\" data-e-type=\"widget\" data-widget_type=\"button.default\">\n\t\t\t\t<div class=\"elementor-widget-container\">\n\t\t\t\t\t\t\t\t\t<div class=\"elementor-button-wrapper\">\n\t\t\t\t\t<a class=\"elementor-button elementor-button-link elementor-size-sm\" href=\"https:\/\/api.whatsapp.com\/send?phone=5541988692118&#038;text=Ol%C3%A1,%20quero%20saber%20mais%20sobre%20o%20Ergo%20Wow!\">\n\t\t\t\t\t\t<span class=\"elementor-button-content-wrapper\">\n\t\t\t\t\t\t\t\t\t<span class=\"elementor-button-text\">Conhe\u00e7a  a ErgoWOW!<\/span>\n\t\t\t\t\t<\/span>\n\t\t\t\t\t<\/a>\n\t\t\t\t<\/div>\n\t\t\t\t\t\t\t\t<\/div>\n\t\t\t\t<\/div>\n\t\t\t\t\t<\/div>\n\t\t<\/div>\n\t\t\t\t\t<\/div>\n\t\t<\/section>\n\t\t\t\t<section class=\"elementor-section elementor-top-section elementor-element elementor-element-d7c0702 elementor-section-boxed elementor-section-height-default elementor-section-height-default\" data-id=\"d7c0702\" data-element_type=\"section\" data-e-type=\"section\">\n\t\t\t\t\t\t<div class=\"elementor-container elementor-column-gap-default\">\n\t\t\t\t\t<div class=\"elementor-column elementor-col-100 elementor-top-column elementor-element elementor-element-e3c195f\" data-id=\"e3c195f\" data-element_type=\"column\" data-e-type=\"column\">\n\t\t\t<div class=\"elementor-widget-wrap elementor-element-populated\">\n\t\t\t\t\t\t<div class=\"elementor-element elementor-element-9549931 elementor-widget elementor-widget-spacer\" data-id=\"9549931\" data-element_type=\"widget\" data-e-type=\"widget\" data-widget_type=\"spacer.default\">\n\t\t\t\t<div class=\"elementor-widget-container\">\n\t\t\t\t\t\t\t<div class=\"elementor-spacer\">\n\t\t\t<div class=\"elementor-spacer-inner\"><\/div>\n\t\t<\/div>\n\t\t\t\t\t\t<\/div>\n\t\t\t\t<\/div>\n\t\t\t\t\t<\/div>\n\t\t<\/div>\n\t\t\t\t\t<\/div>\n\t\t<\/section>\n\t\t\t\t<section class=\"elementor-section elementor-top-section elementor-element elementor-element-a9b3170 elementor-section-content-middle elementor-reverse-mobile elementor-section-boxed elementor-section-height-default elementor-section-height-default\" data-id=\"a9b3170\" data-element_type=\"section\" data-e-type=\"section\">\n\t\t\t\t\t\t<div class=\"elementor-container elementor-column-gap-default\">\n\t\t\t\t\t<div class=\"elementor-column elementor-col-50 elementor-top-column elementor-element elementor-element-99fdad4\" data-id=\"99fdad4\" data-element_type=\"column\" data-e-type=\"column\">\n\t\t\t<div class=\"elementor-widget-wrap elementor-element-populated\">\n\t\t\t\t\t\t<div class=\"elementor-element elementor-element-7752b54 elementor-widget elementor-widget-spacer\" data-id=\"7752b54\" data-element_type=\"widget\" data-e-type=\"widget\" data-widget_type=\"spacer.default\">\n\t\t\t\t<div class=\"elementor-widget-container\">\n\t\t\t\t\t\t\t<div class=\"elementor-spacer\">\n\t\t\t<div class=\"elementor-spacer-inner\"><\/div>\n\t\t<\/div>\n\t\t\t\t\t\t<\/div>\n\t\t\t\t<\/div>\n\t\t\t\t<div class=\"elementor-element elementor-element-007b6fe elementor-widget elementor-widget-heading\" data-id=\"007b6fe\" data-element_type=\"widget\" data-e-type=\"widget\" data-widget_type=\"heading.default\">\n\t\t\t\t<div class=\"elementor-widget-container\">\n\t\t\t\t\t<h2 class=\"elementor-heading-title elementor-size-default\">Mas como funciona?<\/h2>\t\t\t\t<\/div>\n\t\t\t\t<\/div>\n\t\t\t\t<div class=\"elementor-element elementor-element-69a18a7 elementor-widget elementor-widget-text-editor\" data-id=\"69a18a7\" data-element_type=\"widget\" data-e-type=\"widget\" data-widget_type=\"text-editor.default\">\n\t\t\t\t<div class=\"elementor-widget-container\">\n\t\t\t\t\t\t\t\t\t<p data-pm-slice=\"1 1 []\">Nossos conte\u00fados seguem rigorosamente a determina\u00e7\u00e3o <b><span style=\"color: #49138C;\">NR-17 <\/span><\/b>e s\u00e3o divididos em <b><span style=\"color: #49138C;\">m\u00f3dulos de 15 minutos<\/span><\/b>\u00a0que abrangem todas as fun\u00e7\u00f5es. Assim permitindo a adapta\u00e7\u00e3o das condi\u00e7\u00f5es de trabalho \u00e0s caracter\u00edsticas psicofisiol\u00f3gicas dos trabalhadores, de modo a proporcionar conforto, seguran\u00e7a, sa\u00fade e desempenho eficiente no trabalho.<\/p>\t\t\t\t\t\t\t\t<\/div>\n\t\t\t\t<\/div>\n\t\t\t\t<div class=\"elementor-element elementor-element-d1cdac5 elementor-align-justify elementor-widget elementor-widget-button\" data-id=\"d1cdac5\" data-element_type=\"widget\" data-e-type=\"widget\" data-widget_type=\"button.default\">\n\t\t\t\t<div class=\"elementor-widget-container\">\n\t\t\t\t\t\t\t\t\t<div class=\"elementor-button-wrapper\">\n\t\t\t\t\t<a class=\"elementor-button elementor-button-link elementor-size-sm\" href=\"https:\/\/api.whatsapp.com\/send?phone=5541988692118&#038;text=Ol%C3%A1,%20quero%20saber%20mais%20sobre%20o%20Ergo%20Wow!\">\n\t\t\t\t\t\t<span class=\"elementor-button-content-wrapper\">\n\t\t\t\t\t\t\t\t\t<span class=\"elementor-button-text\">Vamos conversar? Clique aqui!<\/span>\n\t\t\t\t\t<\/span>\n\t\t\t\t\t<\/a>\n\t\t\t\t<\/div>\n\t\t\t\t\t\t\t\t<\/div>\n\t\t\t\t<\/div>\n\t\t\t\t\t<\/div>\n\t\t<\/div>\n\t\t\t\t<div class=\"elementor-column elementor-col-50 elementor-top-column elementor-element elementor-element-0eca370\" data-id=\"0eca370\" data-element_type=\"column\" data-e-type=\"column\">\n\t\t\t<div class=\"elementor-widget-wrap elementor-element-populated\">\n\t\t\t\t\t\t<div class=\"elementor-element elementor-element-639dfd8 elementor-widget elementor-widget-image\" data-id=\"639dfd8\" data-element_type=\"widget\" data-e-type=\"widget\" data-widget_type=\"image.default\">\n\t\t\t\t<div class=\"elementor-widget-container\">\n\t\t\t\t\t\t\t\t\t\t\t\t\t\t\t<img decoding=\"async\" width=\"1080\" height=\"1350\" src=\"https:\/\/www.wowlife.com.br\/portal\/wp-content\/uploads\/2025\/03\/ERGO-2-b.webp\" class=\"attachment-full size-full wp-image-3089\" alt=\"\" srcset=\"https:\/\/www.wowlife.com.br\/portal\/wp-content\/uploads\/2025\/03\/ERGO-2-b.webp 1080w, https:\/\/www.wowlife.com.br\/portal\/wp-content\/uploads\/2025\/03\/ERGO-2-b-240x300.webp 240w, https:\/\/www.wowlife.com.br\/portal\/wp-content\/uploads\/2025\/03\/ERGO-2-b-819x1024.webp 819w, https:\/\/www.wowlife.com.br\/portal\/wp-content\/uploads\/2025\/03\/ERGO-2-b-768x960.webp 768w\" sizes=\"(max-width: 1080px) 100vw, 1080px\" \/>\t\t\t\t\t\t\t\t\t\t\t\t\t\t\t<\/div>\n\t\t\t\t<\/div>\n\t\t\t\t\t<\/div>\n\t\t<\/div>\n\t\t\t\t\t<\/div>\n\t\t<\/section>\n\t\t\t\t<section class=\"elementor-section elementor-top-section elementor-element elementor-element-9a378c4 elementor-section-boxed elementor-section-height-default elementor-section-height-default\" data-id=\"9a378c4\" data-element_type=\"section\" data-e-type=\"section\">\n\t\t\t\t\t\t<div class=\"elementor-container elementor-column-gap-default\">\n\t\t\t\t\t<div class=\"elementor-column elementor-col-100 elementor-top-column elementor-element elementor-element-aedc998\" data-id=\"aedc998\" data-element_type=\"column\" data-e-type=\"column\">\n\t\t\t<div class=\"elementor-widget-wrap elementor-element-populated\">\n\t\t\t\t\t\t<div class=\"elementor-element elementor-element-3ea9bd6 elementor-widget elementor-widget-spacer\" data-id=\"3ea9bd6\" data-element_type=\"widget\" data-e-type=\"widget\" data-widget_type=\"spacer.default\">\n\t\t\t\t<div class=\"elementor-widget-container\">\n\t\t\t\t\t\t\t<div class=\"elementor-spacer\">\n\t\t\t<div class=\"elementor-spacer-inner\"><\/div>\n\t\t<\/div>\n\t\t\t\t\t\t<\/div>\n\t\t\t\t<\/div>\n\t\t\t\t\t<\/div>\n\t\t<\/div>\n\t\t\t\t\t<\/div>\n\t\t<\/section>\n\t\t\t\t<section class=\"elementor-section elementor-top-section elementor-element elementor-element-d1c00d8 elementor-section-boxed elementor-section-height-default elementor-section-height-default\" data-id=\"d1c00d8\" data-element_type=\"section\" data-e-type=\"section\">\n\t\t\t\t\t\t<div class=\"elementor-container elementor-column-gap-default\">\n\t\t\t\t\t<div class=\"elementor-column elementor-col-100 elementor-top-column elementor-element elementor-element-6911fbf\" data-id=\"6911fbf\" data-element_type=\"column\" data-e-type=\"column\">\n\t\t\t<div class=\"elementor-widget-wrap elementor-element-populated\">\n\t\t\t\t\t\t<div class=\"elementor-element elementor-element-7819878 elementor-widget elementor-widget-spacer\" data-id=\"7819878\" data-element_type=\"widget\" data-e-type=\"widget\" data-widget_type=\"spacer.default\">\n\t\t\t\t<div class=\"elementor-widget-container\">\n\t\t\t\t\t\t\t<div class=\"elementor-spacer\">\n\t\t\t<div class=\"elementor-spacer-inner\"><\/div>\n\t\t<\/div>\n\t\t\t\t\t\t<\/div>\n\t\t\t\t<\/div>\n\t\t\t\t\t<\/div>\n\t\t<\/div>\n\t\t\t\t\t<\/div>\n\t\t<\/section>\n\t\t\t\t<\/div>\n\t\t","protected":false},"excerpt":{"rendered":"<p>Flexibilidade e acessibilidade de um treinamento completo agora na palma da sua m\u00e3o! Disponibilizamos aulas r\u00e1pidas e descomplicadas que voc\u00ea, colaborador possa realiz\u00e1-las a qualquer momento! Conhe\u00e7a a ErgoWOW! Mas como funciona? Nossos conte\u00fados seguem rigorosamente a determina\u00e7\u00e3o NR-17 e s\u00e3o divididos em m\u00f3dulos de 15 minutos\u00a0que abrangem todas as fun\u00e7\u00f5es. Assim permitindo a adapta\u00e7\u00e3o [&hellip;]<\/p>\n","protected":false},"author":5,"featured_media":0,"parent":0,"menu_order":0,"comment_status":"closed","ping_status":"closed","template":"","meta":{"footnotes":""},"class_list":["post-2367","page","type-page","status-publish","hentry"],"_links":{"self":[{"href":"https:\/\/www.wowlife.com.br\/portal\/wp-json\/wp\/v2\/pages\/2367","targetHints":{"allow":["GET"]}}],"collection":[{"href":"https:\/\/www.wowlife.com.br\/portal\/wp-json\/wp\/v2\/pages"}],"about":[{"href":"https:\/\/www.wowlife.com.br\/portal\/wp-json\/wp\/v2\/types\/page"}],"author":[{"embeddable":true,"href":"https:\/\/www.wowlife.com.br\/portal\/wp-json\/wp\/v2\/users\/5"}],"replies":[{"embeddable":true,"href":"https:\/\/www.wowlife.com.br\/portal\/wp-json\/wp\/v2\/comments?post=2367"}],"version-history":[{"count":0,"href":"https:\/\/www.wowlife.com.br\/portal\/wp-json\/wp\/v2\/pages\/2367\/revisions"}],"wp:attachment":[{"href":"https:\/\/www.wowlife.com.br\/portal\/wp-json\/wp\/v2\/media?parent=2367"}],"curies":[{"name":"wp","href":"https:\/\/api.w.org\/{rel}","templated":true}]}}